{"id":14,"date":"2025-12-03T09:57:10","date_gmt":"2025-12-03T09:57:10","guid":{"rendered":"https:\/\/franceza.cunbm.utcluj.ro\/?page_id=14"},"modified":"2026-03-28T17:16:44","modified_gmt":"2026-03-28T17:16:44","slug":"mesaj-de-intampinare","status":"publish","type":"page","link":"https:\/\/franceza.cunbm.utcluj.ro\/?page_id=14","title":{"rendered":"MESAJ de \u00ceNT\u00c2MPINARE"},"content":{"rendered":"\n<div class=\"wp-block-cover alignfull is-light has-custom-content-position is-position-top-center\"><img loading=\"lazy\" decoding=\"async\" width=\"680\" height=\"267\" class=\"wp-block-cover__image-background wp-image-188 size-full\" alt=\"\" src=\"https:\/\/franceza.cunbm.utcluj.ro\/wp-content\/uploads\/2026\/03\/cunmb-2.webp\" data-object-fit=\"cover\" srcset=\"https:\/\/franceza.cunbm.utcluj.ro\/wp-content\/uploads\/2026\/03\/cunmb-2.webp 680w, https:\/\/franceza.cunbm.utcluj.ro\/wp-content\/uploads\/2026\/03\/cunmb-2-300x118.webp 300w\" sizes=\"auto, (max-width: 680px) 100vw, 680px\" \/><span aria-hidden=\"true\" class=\"wp-block-cover__background has-background-dim\" style=\"background-color:#86876f\"><\/span><div class=\"wp-block-cover__inner-container has-global-padding is-layout-constrained wp-block-cover-is-layout-constrained\">\n<h2 class=\"wp-block-heading has-text-align-center has-base-color has-text-color has-link-color has-xx-large-font-size wp-elements-6700a0f7d22a75d2f305a5a0d938962a\">MESAJ de \u00ceNT\u00c2MPINARE<\/h2>\n\n\n\n<h2 class=\"wp-block-heading has-text-align-center has-base-color has-text-color has-link-color has-large-font-size wp-elements-bbb57e6edaec5b65240fd8cc0f553e46\">Facultatea de litere &#8211; sectia franceza<\/h2>\n<\/div><\/div>\n\n\n\n<div class=\"wp-block-columns is-layout-flex wp-container-core-columns-is-layout-28f84493 wp-block-columns-is-layout-flex\">\n<div class=\"wp-block-column is-layout-flow wp-block-column-is-layout-flow\">\n<p>Bine a\u021bi venit la \u00eenceputul unei noi etape academice dedicate form\u0103rii intelectuale, profesionaliz\u0103rii \u0219i deschiderii c\u0103tre spa\u021biul cultural francofon. Ne bucur\u0103m s\u0103 v\u0103 avem al\u0103turi \u00een cadrul specializ\u0103rilor de licen\u021b\u0103 \u2013 <em><strong>Limbi moderne aplicate (englez\u0103\u2013francez\u0103)<\/strong><\/em> \u0219i de masterat <em><strong>Limba francez\u0103 \u00een traduceri specializate <\/strong>\u2013<\/em> programe concepute pentru a v\u0103 dezvolta competen\u021bele lingvistice, capacitatea de a interac\u021biona \u00eentr-un mediu multicultural \u0219i interdisciplinar.<\/p>\n\n\n\n<p>V\u0103 \u00eencuraj\u0103m s\u0103 valorifica\u021bi fiecare oportunitate, s\u0103 explora\u021bi cu rigoare \u0219i curiozitate domeniile alese \u0219i astfel s\u0103 contribui\u021bi activ la comunitatea academic\u0103 pe care o form\u0103m \u00eempreun\u0103.<\/p>\n\n\n\n<p>\u00cent\u00e2lnirea cu spa\u021biul francofon ofer\u0103 o serie de beneficii culturale \u0219i sociale esen\u021biale pentru viitoarea voastr\u0103 formare at\u00e2t profesional\u0103, c\u00e2t \u0219i uman\u0103.<\/p>\n\n\n\n<p>Pe plan cultural, contactul cu limba \u0219i civiliza\u021bia francez\u0103 faciliteaz\u0103 \u00een\u021belegerea unor tradi\u021bii literare \u0219i artistice de referin\u021b\u0103, contribuind la dezvoltarea sensibilit\u0103\u021bii estetice, a spiritului analitic \u0219i a capacit\u0103\u021bii de interpretare a diversit\u0103\u021bii culturale. Accesul direct la patrimoniul francofon, de la literatura clasic\u0103 \u0219i contemporan\u0103, p\u00e2n\u0103 la muzic\u0103, cinematografie, filosofie \u0219i arte, reprezint\u0103 un c\u00e2\u0219tig semnificativ pentru orice student interesat de domeniile umaniste.<\/p>\n\n\n\n<p>Pe plan social, familiarizarea cu valorile \u0219i practicile francofone favorizeaz\u0103 deschiderea c\u0103tre dialog intercultural, consolidarea toleran\u021bei, precum \u0219i dezvoltarea unor competen\u021be de comunicare adaptate diferitelor contexte comunica\u021bionale<\/p>\n<\/div>\n\n\n\n<div class=\"wp-block-column is-layout-flow wp-block-column-is-layout-flow\">\n<p>.<\/p>\n\n\n\n<p>Pe plan academic, apartenen\u021ba la o comunitate academic\u0103 francofon\u0103 l\u0103rge\u0219te orizonturile, oferind studen\u021bilor \u0219ansa de a interac\u021biona cu vorbitori nativi, de a participa la mobilit\u0103\u021bi, schimburi universitare \u0219i proiecte comune care stimuleaz\u0103 colaborarea \u0219i integrarea \u00een re\u021bele profesionale globale.<\/p>\n\n\n\n<p>Pentru viitorii traduc\u0103tori, st\u0103p\u00e2nirea limbii franceze deschide perspective profesionale diverse \u0219i valoroase. Competen\u021bele dob\u00e2ndite \u00een analiza discursului, a pragmaticii, interpretarea textelor specializate \u0219i medierea lingvistic\u0103 pot fi valorificate \u00een domenii precum traducerea literar\u0103, traducerea tehnic\u0103, interpretariatul, comunicarea institu\u021bional\u0103 sau sectorul editorial.<\/p>\n\n\n\n<p>\u00cen plus, accesul la institu\u021bii \u0219i organiza\u021bii francofone \u2013 culturale, diplomatice, economice sau educa\u021bionale \u2013 ofer\u0103 oportunit\u0103\u021bi de carier\u0103 \u00een cadrul unor medii plurilingve \u00een care traduc\u0103torii joac\u0103 un rol esen\u021bial \u00een facilitarea cooper\u0103rii interna\u021bionale.<\/p>\n\n\n\n<p><em>Nous vous souhaitons un parcours universitaire riche, inspirant et couronn\u00e9 de r\u00e9ussite.<\/em><\/p>\n\n\n\n<p class=\"has-text-align-right\"><em>prof. univ. dr. habil. <strong>Mihaela Munteanu Siserman<\/strong><\/em><\/p>\n<\/div>\n<\/div>\n","protected":false},"excerpt":{"rendered":"<p>Bine a\u021bi venit la \u00eenceputul unei noi etape academice dedicate form\u0103rii intelectuale, profesionaliz\u0103rii \u0219i deschiderii c\u0103tre spa\u021biul cultural francofon. Ne bucur\u0103m s\u0103 v\u0103 avem al\u0103turi \u00een cadrul specializ\u0103rilor de licen\u021b\u0103 \u2013 Limbi moderne aplicate (englez\u0103\u2013francez\u0103) \u0219i de masterat Limba francez\u0103 \u00een traduceri specializate \u2013 programe concepute pentru a v\u0103 dezvolta competen\u021bele lingvistice, capacitatea de a [&hellip;]<\/p>\n","protected":false},"author":1,"featured_media":0,"parent":7,"menu_order":1,"comment_status":"closed","ping_status":"closed","template":"","meta":{"footnotes":""},"class_list":["post-14","page","type-page","status-publish","hentry"],"_links":{"self":[{"href":"https:\/\/franceza.cunbm.utcluj.ro\/index.php?rest_route=\/wp\/v2\/pages\/14","targetHints":{"allow":["GET"]}}],"collection":[{"href":"https:\/\/franceza.cunbm.utcluj.ro\/index.php?rest_route=\/wp\/v2\/pages"}],"about":[{"href":"https:\/\/franceza.cunbm.utcluj.ro\/index.php?rest_route=\/wp\/v2\/types\/page"}],"author":[{"embeddable":true,"href":"https:\/\/franceza.cunbm.utcluj.ro\/index.php?rest_route=\/wp\/v2\/users\/1"}],"replies":[{"embeddable":true,"href":"https:\/\/franceza.cunbm.utcluj.ro\/index.php?rest_route=%2Fwp%2Fv2%2Fcomments&post=14"}],"version-history":[{"count":12,"href":"https:\/\/franceza.cunbm.utcluj.ro\/index.php?rest_route=\/wp\/v2\/pages\/14\/revisions"}],"predecessor-version":[{"id":201,"href":"https:\/\/franceza.cunbm.utcluj.ro\/index.php?rest_route=\/wp\/v2\/pages\/14\/revisions\/201"}],"up":[{"embeddable":true,"href":"https:\/\/franceza.cunbm.utcluj.ro\/index.php?rest_route=\/wp\/v2\/pages\/7"}],"wp:attachment":[{"href":"https:\/\/franceza.cunbm.utcluj.ro\/index.php?rest_route=%2Fwp%2Fv2%2Fmedia&parent=14"}],"curies":[{"name":"wp","href":"https:\/\/api.w.org\/{rel}","templated":true}]}}