{"id":27,"date":"2025-12-03T10:07:53","date_gmt":"2025-12-03T10:07:53","guid":{"rendered":"https:\/\/franceza.cunbm.utcluj.ro\/?page_id=27"},"modified":"2026-04-02T17:57:55","modified_gmt":"2026-04-02T17:57:55","slug":"oferta-educationala","status":"publish","type":"page","link":"https:\/\/franceza.cunbm.utcluj.ro\/?page_id=27","title":{"rendered":"OFERTA EDUCA\u021aIONAL\u0102"},"content":{"rendered":"\n<div class=\"wp-block-group alignwide is-layout-flow wp-container-core-group-is-layout-f9cb6abc wp-block-group-is-layout-flow\" style=\"margin-top:0;margin-bottom:0\">\n<div class=\"wp-block-columns alignfull is-not-stacked-on-mobile is-layout-flex wp-container-core-columns-is-layout-e154fb6a wp-block-columns-is-layout-flex\" style=\"margin-top:0;margin-bottom:0;padding-top:var(--wp--preset--spacing--40);padding-right:var(--wp--preset--spacing--40);padding-bottom:var(--wp--preset--spacing--80);padding-left:var(--wp--preset--spacing--40)\">\n<div class=\"wp-block-column is-vertically-aligned-top is-layout-flow wp-block-column-is-layout-flow\" style=\"flex-basis:66.66%\">\n<figure class=\"wp-block-image aligncenter size-medium\"><img loading=\"lazy\" decoding=\"async\" width=\"300\" height=\"274\" src=\"https:\/\/franceza.cunbm.utcluj.ro\/wp-content\/uploads\/2026\/03\/image-1-300x274.png\" alt=\"\" class=\"wp-image-203\" style=\"aspect-ratio:3\/2;object-fit:cover\" srcset=\"https:\/\/franceza.cunbm.utcluj.ro\/wp-content\/uploads\/2026\/03\/image-1-300x274.png 300w, https:\/\/franceza.cunbm.utcluj.ro\/wp-content\/uploads\/2026\/03\/image-1.png 640w\" sizes=\"auto, (max-width: 300px) 100vw, 300px\" \/><\/figure>\n\n\n\n<div class=\"wp-block-group is-vertical is-content-justification-stretch is-layout-flex wp-container-core-group-is-layout-7e003bba wp-block-group-is-layout-flex\">\n<h2 class=\"wp-block-heading has-x-large-font-size\"><strong><a href=\"https:\/\/litere.utcluj.ro\/files\/Acasa\/Site\/planuri\/LRF.pdf\">Limba \u0219i literatura rom\u00e2n\u0103 &#8211;<\/a><\/strong><br><strong><a href=\"https:\/\/litere.utcluj.ro\/files\/Acasa\/Site\/planuri\/LRF.pdf\">Limba \u0219i literatura francez\u0103<\/a><\/strong><\/h2>\n\n\n\n<p class=\"has-large-font-size\"><a href=\"https:\/\/litere.utcluj.ro\/files\/Acasa\/Site\/planuri\/LRF.pdf\" target=\"_blank\" rel=\"noreferrer noopener\"><strong><em>plan de \u00eenv\u0103\u021b\u0103m\u00e2nt<\/em><\/strong><\/a> | <a href=\"https:\/\/litere.utcluj.ro\/lrf.html\" target=\"_blank\" rel=\"noreferrer noopener\"><strong><em>fi\u0219e discipline<\/em><\/strong><\/a> | &#8230;<\/p>\n<\/div>\n\n\n\n<figure class=\"wp-block-image size-full\"><img loading=\"lazy\" decoding=\"async\" width=\"750\" height=\"350\" src=\"https:\/\/franceza.cunbm.utcluj.ro\/wp-content\/uploads\/2026\/04\/image.png\" alt=\"\" class=\"wp-image-208\" srcset=\"https:\/\/franceza.cunbm.utcluj.ro\/wp-content\/uploads\/2026\/04\/image.png 750w, https:\/\/franceza.cunbm.utcluj.ro\/wp-content\/uploads\/2026\/04\/image-300x140.png 300w\" sizes=\"auto, (max-width: 750px) 100vw, 750px\" \/><\/figure>\n\n\n\n<div class=\"wp-block-group is-vertical is-content-justification-stretch is-layout-flex wp-container-core-group-is-layout-7e003bba wp-block-group-is-layout-flex\">\n<h2 class=\"wp-block-heading has-x-large-font-size\"><strong><a href=\"https:\/\/litere.utcluj.ro\/files\/Acasa\/Site\/planuri\/LFTS.pdf\">Limba francez\u0103 \u00een traduceri specializat<\/a>e<\/strong><\/h2>\n\n\n\n<p class=\"has-large-font-size\"><a href=\"https:\/\/litere.utcluj.ro\/files\/Acasa\/Site\/planuri\/LFTS.pdf\" target=\"_blank\" rel=\"noreferrer noopener\"><strong><em>plan de \u00eenv\u0103\u021b\u0103m\u00e2nt<\/em><\/strong><\/a> | <a href=\"https:\/\/litere.utcluj.ro\/lfts.html\" target=\"_blank\" rel=\"noreferrer noopener\"><strong><em>fi\u0219e discipline<\/em><\/strong><\/a> | &#8230;<\/p>\n<\/div>\n<\/div>\n<\/div>\n<\/div>\n","protected":false},"excerpt":{"rendered":"<p>Limba \u0219i literatura rom\u00e2n\u0103 &#8211;Limba \u0219i literatura francez\u0103 plan de \u00eenv\u0103\u021b\u0103m\u00e2nt | fi\u0219e discipline | &#8230; Limba francez\u0103 \u00een traduceri specializate plan de \u00eenv\u0103\u021b\u0103m\u00e2nt | fi\u0219e discipline | &#8230;<\/p>\n","protected":false},"author":1,"featured_media":0,"parent":12,"menu_order":1,"comment_status":"closed","ping_status":"closed","template":"","meta":{"footnotes":""},"class_list":["post-27","page","type-page","status-publish","hentry"],"_links":{"self":[{"href":"https:\/\/franceza.cunbm.utcluj.ro\/index.php?rest_route=\/wp\/v2\/pages\/27","targetHints":{"allow":["GET"]}}],"collection":[{"href":"https:\/\/franceza.cunbm.utcluj.ro\/index.php?rest_route=\/wp\/v2\/pages"}],"about":[{"href":"https:\/\/franceza.cunbm.utcluj.ro\/index.php?rest_route=\/wp\/v2\/types\/page"}],"author":[{"embeddable":true,"href":"https:\/\/franceza.cunbm.utcluj.ro\/index.php?rest_route=\/wp\/v2\/users\/1"}],"replies":[{"embeddable":true,"href":"https:\/\/franceza.cunbm.utcluj.ro\/index.php?rest_route=%2Fwp%2Fv2%2Fcomments&post=27"}],"version-history":[{"count":10,"href":"https:\/\/franceza.cunbm.utcluj.ro\/index.php?rest_route=\/wp\/v2\/pages\/27\/revisions"}],"predecessor-version":[{"id":210,"href":"https:\/\/franceza.cunbm.utcluj.ro\/index.php?rest_route=\/wp\/v2\/pages\/27\/revisions\/210"}],"up":[{"embeddable":true,"href":"https:\/\/franceza.cunbm.utcluj.ro\/index.php?rest_route=\/wp\/v2\/pages\/12"}],"wp:attachment":[{"href":"https:\/\/franceza.cunbm.utcluj.ro\/index.php?rest_route=%2Fwp%2Fv2%2Fmedia&parent=27"}],"curies":[{"name":"wp","href":"https:\/\/api.w.org\/{rel}","templated":true}]}}